

{"id":36159,"date":"2023-12-05T08:36:34","date_gmt":"2023-12-05T08:36:34","guid":{"rendered":"https:\/\/www.scalefree.com\/?page_id=36159"},"modified":"2026-02-16T13:20:54","modified_gmt":"2026-02-16T12:20:54","slug":"agile","status":"publish","type":"page","link":"https:\/\/www.scalefree.com\/de\/blog\/agile\/","title":{"rendered":"Agile Daten"},"content":{"rendered":"<div id=\"fws_69f00a39c97de\"  data-column-margin=\"default\" data-midnight=\"dark\"  class=\"wpb_row vc_row-fluid vc_row full-width-content vc_row-o-equal-height vc_row-flex vc_row-o-content-top\"  style=\"padding-top: 0px; padding-bottom: 0px; \"><div class=\"row-bg-wrap\" data-bg-animation=\"none\" data-bg-animation-delay=\"\" data-bg-overlay=\"false\"><div class=\"inner-wrap row-bg-layer\" ><div class=\"row-bg viewport-desktop\"  style=\"\"><\/div><\/div><\/div><div class=\"row_col_wrap_12 col span_12 dark left\">\n\t<div  class=\"vc_col-sm-12 wpb_column column_container vc_column_container col no-extra-padding inherit_tablet inherit_phone\"  data-padding-pos=\"all\" data-has-bg-color=\"false\" data-bg-color=\"\" data-bg-opacity=\"1\" data-animation=\"\" data-delay=\"0\" >\n\t\t<div class=\"vc_column-inner\" >\n\t\t\t<div class=\"wpb_wrapper\">\n\t\t\t\t<div id=\"rps_69f00a39cb8e7\" class=\"nectar-recent-posts-single_featured nectar-recent-posts-element parallax_section\" data-max-width=\"default\" data-align=\"middle\" data-side-spacing=\"default\" data-padding=\"6%\" data-bg-overlay=\"solid_color\" data-height=\"600\" data-animate-in-effect=\"none\" data-remove-post-date=\"\" data-remove-post-author=\"1\" data-remove-post-comment-number=\"1\" data-remove-post-nectar-love=\"1\">\n      \n      <div class=\"nectar-recent-post-slide  post-ref-0\">\n\n        <div class=\"row-bg using-image\" data-parallax-speed=\"fast\">\n          <div class=\"nectar-recent-post-bg\" data-nectar-img-src=\"https:\/\/www.scalefree.com\/wp-content\/uploads\/2015\/12\/img_agile-2.jpg\" style=\" \"><\/div>\n        <\/div>\n\n        <div class=\"recent-post-container container\"><div class=\"inner-wrap\"><div class=\"grav-wrap\"><a href=\"https:\/\/www.scalefree.com\/de\/author\/admin\/\"><\/a><div class=\"text\"><span>Unter <a href=\"https:\/\/www.scalefree.com\/de\/author\/admin\/\" rel=\"author\">Building a scalable Data Platform?<\/a><\/span><span> Unter<\/span> <a class=\"agile\" href=\"https:\/\/www.scalefree.com\/de\/.\/blog\/agile\/\"><span class=\"agile\">Agile Daten<\/span><\/a><\/div><\/div><h2 class=\"large-featured-post-title post-ref-1\">          <a href=\" https:\/\/www.scalefree.com\/de\/blog\/agile\/agile-development-in-data-warehousing-with-data-vault-2-0\/\" class=\"full-slide-link\"> Agile Entwicklung im Data Warehousing mit Data Vault 2.0 <\/a>\n          <\/h2>\n          <div class=\"excerpt\">Agile Entwicklung im Data Warehousing: Ausgangssituation Agile Methoden bringen Flexibilit\u00e4t und Anpassungsf\u00e4higkeit in die data warehousing ein, was sie zu einer...<\/div>\n                    <a class=\"nectar-button large regular extra-color-1 regular-button\" data-arrow-style=\"none\" href=\"https:\/\/www.scalefree.com\/de\/blog\/agile\/agile-development-in-data-warehousing-with-data-vault-2-0\/\" data-color-override=\"false\" data-hover-color-override=\"false\" data-hover-text-color-override=\"#fff\" >\n            <span>Mehr lesen<\/span>\n                      <\/a>\n\n        <\/div>\n\n        <\/div>\n\n      <\/div>\n\n    \n  <\/div>\n\t\t\t<\/div> \n\t\t<\/div>\n\t<\/div> \n<\/div><\/div>\n\t\t<div id=\"fws_69f00a39cdd3e\"  data-column-margin=\"default\" data-midnight=\"dark\"  class=\"wpb_row vc_row-fluid vc_row vc_row-o-equal-height vc_row-flex  reverse_columns_column_tablet reverse_columns_column_phone\"  style=\"padding-top: 0px; padding-bottom: 0px; \"><div class=\"row-bg-wrap\" data-bg-animation=\"none\" data-bg-animation-delay=\"\" data-bg-overlay=\"false\"><div class=\"inner-wrap row-bg-layer\" ><div class=\"row-bg viewport-desktop\"  style=\"\"><\/div><\/div><\/div><div class=\"row_col_wrap_12 col span_12 dark left\">\n\t<div  class=\"vc_col-sm-12 wpb_column column_container vc_column_container col no-extra-padding inherit_tablet inherit_phone\"  data-padding-pos=\"all\" data-has-bg-color=\"false\" data-bg-color=\"\" data-bg-opacity=\"1\" data-animation=\"\" data-delay=\"0\" >\n\t\t<div class=\"vc_column-inner\" >\n\t\t\t<div class=\"wpb_wrapper\">\n\t\t\t\t<div class=\"divider-wrap\" data-alignment=\"default\"><div style=\"height: 45px;\" class=\"divider\"><\/div><\/div>\n\t<div class=\"wpb_raw_code wpb_raw_html wpb_content_element\" >\n\t\t<div class=\"wpb_wrapper\">\n\t\t\t<!-- Search bar for Blog Agile -->\n<form role=\"search\" method=\"get\" class=\"search-form\" action=\"https:\/\/www.scalefree.com\/de\/\" data-trp-original-action=\"https:\/\/www.scalefree.com\/\">\n    <input type=\"search\" class=\"search-field\" placeholder=\"Suche nach Artikeln\" value=\"\" name=\"s\" required=\"\" title=\"Suche nach Artikeln\">\n    <input type=\"hidden\" name=\"post_type\" value=\"post\">\n    <input type=\"hidden\" name=\"category_name\" value=\"blog\">\n    <input type=\"hidden\" name=\"cat\" value=\"1443\">\n    <button type=\"submit\" class=\"search-widget-btn\">\n        <span class=\"normal icon-salient-search\" aria-hidden=\"true\"><\/span>\n    <\/button>\n<input type=\"hidden\" name=\"trp-form-language\" value=\"de\"\/><\/form>\n\t\t<\/div>\n\t<\/div>\n<div class=\"divider-wrap\" data-alignment=\"default\"><div style=\"height: 30px;\" class=\"divider\"><\/div><\/div>\n<div class=\"wpb_text_column wpb_content_element\" >\n\t<div class=\"wpb_wrapper\">\n\t\t<h2>Artikel \u00fcber Agile Daten<\/h2>\n\t<\/div>\n<\/div>\n\n\n\n<div class=\"divider-wrap\" data-alignment=\"default\"><div style=\"height: 15px;\" class=\"divider\"><\/div><\/div><div class='nectar-post-grid-wrap text-color-dark spacing-15px' data-el-settings='{\"post_type\":\"post\",\"pagination\":\"load-more\",\"image_size\":\"medium\",\"parallax_scrolling\":\"\",\"aspect_ratio_image_size\":\"\",\"category_position\":\"default\",\"category_display\":\"default\",\"display_categories\":\"0\",\"display_excerpt\":\"0\",\"excerpt_length\":\"20\",\"display_date\":\"yes\",\"display_estimated_reading_time\":\"0\",\"display_author\":\"0\",\"author_functionality\":\"default\",\"author_position\":\"default\",\"color_overlay\":\"\",\"color_overlay_opacity\":\"\",\"color_overlay_hover_opacity\":\"\",\"card_bg_color\":\"#ededed\",\"grid_style\":\"content_under_image\",\"hover_effect\":\"slow_zoom\",\"post_title_overlay\":\"\",\"heading_tag\":\"h4\",\"enable_gallery_lightbox\":\"0\",\"category_style\":\"underline\",\"overlay_secondary_project_image\":\"\",\"vertical_list_hover_effect\":\"none\",\"vertical_list_read_more\":\"\",\"read_more_button\":\"0\",\"animation\":\"none\",\"custom_fields\":\"\",\"custom_fields_location\":\"before_post_meta\",\"display_type\":\"grid\"}' data-style='content_under_image' data-query='{\"post_type\":\"post\",\"posts_per_page\":\"12\",\"order\":\"DESC\",\"orderby\":\"date\",\"offset\":\"0\",\"cpt_name\":\"post\",\"custom_query_tax\":\"\",\"ignore_sticky_posts\":\"\",\"exclude_current_post\":\"\"}' data-load-more-color='black' data-load-more-text='Load More'><div class=\"nectar-post-grid-filters\" data-active-color=\"default\" data-align=\"default\" data-animation=\"none\" data-sortable=\"\"><div><a href=\"#\" data-filter=\"agile\" data-total-count=\"4\">Agile Daten<\/a><\/div><\/div><div class=\"nectar-post-grid card_hover_color_ededed category-position-before-title\" data-indicator=\"\" data-indicator-style=\"default\" data-indicator-text-color=\"#fff\" data-indicator-color=\"#000\" data-indicator-text=\"View\" data-columns=\"3\" data-hover-effect=\"slow_zoom\" data-text-style=\"default\" data-border-radius=\"none\" data-grid-item-height=\"30vh\" data-grid-spacing=\"15px\" data-text-layout=\"top_left\" data-text-color=\"dark\" data-text-hover-color=\"dark\" data-shadow-hover=\"yes\" data-animation=\"none\" data-animation-stagger=\"90\" data-cat-click=\"default\"  data-lock-aspect=\"\"  data-text-align=\"left\" data-card=\"yes\" ><div class=\"nectar-post-grid-item\" style=\"background-color: #ededed;\" data-post-id=\"30277\" data-has-img=\"true\"> <div class=\"inner\"><div class=\"nectar-post-grid-item-bg-wrap\"><div class=\"nectar-post-grid-item-bg-wrap-inner\"><a class=\"bg-wrap-link\" href=\"https:\/\/www.scalefree.com\/de\/blog\/agile\/agile-development-in-data-warehousing-with-data-vault-2-0\/\"><span class=\"screen-reader-text\">Agile Entwicklung im Data Warehousing mit Data Vault 2.0<\/span><\/a><div class=\"nectar-post-grid-item-bg\"><img loading=\"lazy\" decoding=\"async\" class=\"nectar-lazy skip-lazy\" src=\"data:image\/svg+xml;charset=utf-8,%3Csvg%20xmlns%3D'http%3A%2F%2Fwww.w3.org%2F2000%2Fsvg'%20viewBox%3D'0%200%201414%20907'%2F%3E\" alt=\"\" height=\"907\" width=\"1414\" data-nectar-img-src=\"https:\/\/www.scalefree.com\/wp-content\/uploads\/2015\/12\/img_agile-2-300x192.jpg\" data-nectar-img-srcset=\"https:\/\/www.scalefree.com\/wp-content\/uploads\/2015\/12\/img_agile-2-300x192.jpg 300w, https:\/\/www.scalefree.com\/wp-content\/uploads\/2015\/12\/img_agile-2-600x385.jpg 600w, https:\/\/www.scalefree.com\/wp-content\/uploads\/2015\/12\/img_agile-2-768x493.jpg 768w, https:\/\/www.scalefree.com\/wp-content\/uploads\/2015\/12\/img_agile-2-1024x657.jpg 1024w, https:\/\/www.scalefree.com\/wp-content\/uploads\/2015\/12\/img_agile-2.jpg 1414w\" sizes=\"auto, (max-width: 300px) 100vw, 300px\" \/><\/div><\/div><\/div><div class=\"content\"><a class=\"nectar-post-grid-link\" href=\"https:\/\/www.scalefree.com\/de\/blog\/agile\/agile-development-in-data-warehousing-with-data-vault-2-0\/\" ><span class=\"screen-reader-text\">Agile Entwicklung im Data Warehousing mit Data Vault 2.0<\/span><\/a><div class=\"item-main\"><h4 class=\"post-heading\"><a href=\"https:\/\/www.scalefree.com\/de\/blog\/agile\/agile-development-in-data-warehousing-with-data-vault-2-0\/\"><span>Agile Entwicklung im Data Warehousing mit Data Vault 2.0<\/span><\/a><\/h4><span class=\"nectar-post-grid-item__meta-wrap\"><span class=\"meta-date\">August 20, 2025<\/span><\/span><\/div><\/div><\/div><\/div><div class=\"nectar-post-grid-item\" style=\"background-color: #ededed;\" data-post-id=\"35046\" data-has-img=\"true\"> <div class=\"inner\"><div class=\"nectar-post-grid-item-bg-wrap\"><div class=\"nectar-post-grid-item-bg-wrap-inner\"><a class=\"bg-wrap-link\" href=\"https:\/\/www.scalefree.com\/de\/blog\/agile\/seamless-agile-project-management-in-the-bi-landscape\/\"><span class=\"screen-reader-text\">Nahtloses agiles Projektmanagement in der BI-Landschaft<\/span><\/a><div class=\"nectar-post-grid-item-bg\"><img loading=\"lazy\" decoding=\"async\" class=\"nectar-lazy skip-lazy\" src=\"data:image\/svg+xml;charset=utf-8,%3Csvg%20xmlns%3D'http%3A%2F%2Fwww.w3.org%2F2000%2Fsvg'%20viewBox%3D'0%200%201414%20907'%2F%3E\" alt=\"\" height=\"907\" width=\"1414\" data-nectar-img-src=\"https:\/\/www.scalefree.com\/wp-content\/uploads\/2022\/08\/img_datamodel-1-300x192.jpg\" data-nectar-img-srcset=\"https:\/\/www.scalefree.com\/wp-content\/uploads\/2022\/08\/img_datamodel-1-300x192.jpg 300w, https:\/\/www.scalefree.com\/wp-content\/uploads\/2022\/08\/img_datamodel-1-1024x657.jpg 1024w, https:\/\/www.scalefree.com\/wp-content\/uploads\/2022\/08\/img_datamodel-1-768x493.jpg 768w, https:\/\/www.scalefree.com\/wp-content\/uploads\/2022\/08\/img_datamodel-1-320x205.jpg 320w, https:\/\/www.scalefree.com\/wp-content\/uploads\/2022\/08\/img_datamodel-1-640x411.jpg 640w, https:\/\/www.scalefree.com\/wp-content\/uploads\/2022\/08\/img_datamodel-1-360x231.jpg 360w, https:\/\/www.scalefree.com\/wp-content\/uploads\/2022\/08\/img_datamodel-1-720x462.jpg 720w, https:\/\/www.scalefree.com\/wp-content\/uploads\/2022\/08\/img_datamodel-1-1080x693.jpg 1080w, https:\/\/www.scalefree.com\/wp-content\/uploads\/2022\/08\/img_datamodel-1-800x513.jpg 800w, https:\/\/www.scalefree.com\/wp-content\/uploads\/2022\/08\/img_datamodel-1-1280x821.jpg 1280w, https:\/\/www.scalefree.com\/wp-content\/uploads\/2022\/08\/img_datamodel-1-600x385.jpg 600w, https:\/\/www.scalefree.com\/wp-content\/uploads\/2022\/08\/img_datamodel-1.jpg 1414w\" sizes=\"auto, (max-width: 300px) 100vw, 300px\" \/><\/div><\/div><\/div><div class=\"content\"><a class=\"nectar-post-grid-link\" href=\"https:\/\/www.scalefree.com\/de\/blog\/agile\/seamless-agile-project-management-in-the-bi-landscape\/\" ><span class=\"screen-reader-text\">Nahtloses agiles Projektmanagement in der BI-Landschaft<\/span><\/a><div class=\"item-main\"><h4 class=\"post-heading\"><a href=\"https:\/\/www.scalefree.com\/de\/blog\/agile\/seamless-agile-project-management-in-the-bi-landscape\/\"><span>Nahtloses agiles Projektmanagement in der BI-Landschaft<\/span><\/a><\/h4><span class=\"nectar-post-grid-item__meta-wrap\"><span class=\"meta-date\">7. November 2023<\/span><\/span><\/div><\/div><\/div><\/div><div class=\"nectar-post-grid-item\" style=\"background-color: #ededed;\" data-post-id=\"33801\" data-has-img=\"true\"> <div class=\"inner\"><div class=\"nectar-post-grid-item-bg-wrap\"><div class=\"nectar-post-grid-item-bg-wrap-inner\"><a class=\"bg-wrap-link\" href=\"https:\/\/www.scalefree.com\/de\/blog\/agile\/agile-kanban-made-easy-for-salesforce-introducing-the-mowi-app\/\"><span class=\"screen-reader-text\">Agiles Kanban leicht gemacht f\u00fcr Salesforce: Einf\u00fchrung der MOWI-App<\/span><\/a><div class=\"nectar-post-grid-item-bg\"><img loading=\"lazy\" decoding=\"async\" class=\"nectar-lazy skip-lazy\" src=\"data:image\/svg+xml;charset=utf-8,%3Csvg%20xmlns%3D'http%3A%2F%2Fwww.w3.org%2F2000%2Fsvg'%20viewBox%3D'0%200%201414%20907'%2F%3E\" alt=\"\" height=\"907\" width=\"1414\" data-nectar-img-src=\"https:\/\/www.scalefree.com\/wp-content\/uploads\/2022\/08\/img_datamodel-1-300x192.jpg\" data-nectar-img-srcset=\"https:\/\/www.scalefree.com\/wp-content\/uploads\/2022\/08\/img_datamodel-1-300x192.jpg 300w, https:\/\/www.scalefree.com\/wp-content\/uploads\/2022\/08\/img_datamodel-1-1024x657.jpg 1024w, https:\/\/www.scalefree.com\/wp-content\/uploads\/2022\/08\/img_datamodel-1-768x493.jpg 768w, https:\/\/www.scalefree.com\/wp-content\/uploads\/2022\/08\/img_datamodel-1-320x205.jpg 320w, https:\/\/www.scalefree.com\/wp-content\/uploads\/2022\/08\/img_datamodel-1-640x411.jpg 640w, https:\/\/www.scalefree.com\/wp-content\/uploads\/2022\/08\/img_datamodel-1-360x231.jpg 360w, https:\/\/www.scalefree.com\/wp-content\/uploads\/2022\/08\/img_datamodel-1-720x462.jpg 720w, https:\/\/www.scalefree.com\/wp-content\/uploads\/2022\/08\/img_datamodel-1-1080x693.jpg 1080w, https:\/\/www.scalefree.com\/wp-content\/uploads\/2022\/08\/img_datamodel-1-800x513.jpg 800w, https:\/\/www.scalefree.com\/wp-content\/uploads\/2022\/08\/img_datamodel-1-1280x821.jpg 1280w, https:\/\/www.scalefree.com\/wp-content\/uploads\/2022\/08\/img_datamodel-1-600x385.jpg 600w, https:\/\/www.scalefree.com\/wp-content\/uploads\/2022\/08\/img_datamodel-1.jpg 1414w\" sizes=\"auto, (max-width: 300px) 100vw, 300px\" \/><\/div><\/div><\/div><div class=\"content\"><a class=\"nectar-post-grid-link\" href=\"https:\/\/www.scalefree.com\/de\/blog\/agile\/agile-kanban-made-easy-for-salesforce-introducing-the-mowi-app\/\" ><span class=\"screen-reader-text\">Agiles Kanban leicht gemacht f\u00fcr Salesforce: Einf\u00fchrung der MOWI-App<\/span><\/a><div class=\"item-main\"><h4 class=\"post-heading\"><a href=\"https:\/\/www.scalefree.com\/de\/blog\/agile\/agile-kanban-made-easy-for-salesforce-introducing-the-mowi-app\/\"><span>Agiles Kanban leicht gemacht f\u00fcr Salesforce: Einf\u00fchrung der MOWI-App<\/span><\/a><\/h4><span class=\"nectar-post-grid-item__meta-wrap\"><span class=\"meta-date\">15. September 2023<\/span><\/span><\/div><\/div><\/div><\/div><div class=\"nectar-post-grid-item\" style=\"background-color: #ededed;\" data-post-id=\"8472\" data-has-img=\"true\"> <div class=\"inner\"><div class=\"nectar-post-grid-item-bg-wrap\"><div class=\"nectar-post-grid-item-bg-wrap-inner\"><a class=\"bg-wrap-link\" href=\"https:\/\/www.scalefree.com\/de\/blog\/agile\/scale-in-a-disciplined-agile-manner\/\"><span class=\"screen-reader-text\">Wie skaliert man auf disziplinierte, agile Weise?<\/span><\/a><div class=\"nectar-post-grid-item-bg\"><img loading=\"lazy\" decoding=\"async\" class=\"nectar-lazy skip-lazy\" src=\"data:image\/svg+xml;charset=utf-8,%3Csvg%20xmlns%3D'http%3A%2F%2Fwww.w3.org%2F2000%2Fsvg'%20viewBox%3D'0%200%20600%20417'%2F%3E\" alt=\"\" height=\"417\" width=\"600\" data-nectar-img-src=\"https:\/\/www.scalefree.com\/wp-content\/uploads\/2018\/07\/DAD-meets-DV2-Methodology-e1530183280752-300x209.png\" data-nectar-img-srcset=\"https:\/\/www.scalefree.com\/wp-content\/uploads\/2018\/07\/DAD-meets-DV2-Methodology-e1530183280752-300x209.png 300w, https:\/\/www.scalefree.com\/wp-content\/uploads\/2018\/07\/DAD-meets-DV2-Methodology-e1530183280752-320x222.png 320w, https:\/\/www.scalefree.com\/wp-content\/uploads\/2018\/07\/DAD-meets-DV2-Methodology-e1530183280752-360x250.png 360w, https:\/\/www.scalefree.com\/wp-content\/uploads\/2018\/07\/DAD-meets-DV2-Methodology-e1530183280752.png 600w\" sizes=\"auto, (max-width: 300px) 100vw, 300px\" \/><\/div><\/div><\/div><div class=\"content\"><a class=\"nectar-post-grid-link\" href=\"https:\/\/www.scalefree.com\/de\/blog\/agile\/scale-in-a-disciplined-agile-manner\/\" ><span class=\"screen-reader-text\">Wie skaliert man auf disziplinierte, agile Weise?<\/span><\/a><div class=\"item-main\"><h4 class=\"post-heading\"><a href=\"https:\/\/www.scalefree.com\/de\/blog\/agile\/scale-in-a-disciplined-agile-manner\/\"><span>Wie skaliert man auf disziplinierte, agile Weise?<\/span><\/a><\/h4><span class=\"nectar-post-grid-item__meta-wrap\"><span class=\"meta-date\">Juli 11, 2018<\/span><\/span><\/div><\/div><\/div><\/div><\/div><\/div>\n\t\t\t<\/div> \n\t\t<\/div>\n\t<\/div> \n<\/div><\/div>","protected":false},"excerpt":{"rendered":"Schauen Sie \u00fcber Scrum hinaus und erfahren Sie, wie Sie den Wert von Data Vault 2.0-Projekten steigern k\u00f6nnen. Anfang des Jahres haben wir \u00fcber Managed Self-Service BI gesprochen, um zu erkl\u00e4ren, wie Gesch\u00e4ftsanwender...","protected":false},"author":54,"featured_media":0,"parent":35930,"menu_order":0,"comment_status":"closed","ping_status":"closed","template":"","meta":{"footnotes":""},"class_list":["post-36159","page","type-page","status-publish"],"aioseo_notices":[],"_links":{"self":[{"href":"https:\/\/www.scalefree.com\/de\/wp-json\/wp\/v2\/pages\/36159","targetHints":{"allow":["GET"]}}],"collection":[{"href":"https:\/\/www.scalefree.com\/de\/wp-json\/wp\/v2\/pages"}],"about":[{"href":"https:\/\/www.scalefree.com\/de\/wp-json\/wp\/v2\/types\/page"}],"author":[{"embeddable":true,"href":"https:\/\/www.scalefree.com\/de\/wp-json\/wp\/v2\/users\/54"}],"replies":[{"embeddable":true,"href":"https:\/\/www.scalefree.com\/de\/wp-json\/wp\/v2\/comments?post=36159"}],"version-history":[{"count":0,"href":"https:\/\/www.scalefree.com\/de\/wp-json\/wp\/v2\/pages\/36159\/revisions"}],"up":[{"embeddable":true,"href":"https:\/\/www.scalefree.com\/de\/wp-json\/wp\/v2\/pages\/35930"}],"wp:attachment":[{"href":"https:\/\/www.scalefree.com\/de\/wp-json\/wp\/v2\/media?parent=36159"}],"curies":[{"name":"wp","href":"https:\/\/api.w.org\/{rel}","templated":true}]}}