

{"id":36567,"date":"2023-12-13T13:43:19","date_gmt":"2023-12-13T13:43:19","guid":{"rendered":"https:\/\/www.scalefree.com\/?page_id=36567"},"modified":"2026-04-23T10:14:59","modified_gmt":"2026-04-23T08:14:59","slug":"experte","status":"publish","type":"page","link":"https:\/\/www.scalefree.com\/de\/knowledge\/webinars\/expert\/","title":{"rendered":"Webinare f\u00fcr Experten"},"content":{"rendered":"<div id=\"particles-js\"  data-column-margin=\"default\" data-midnight=\"dark\"  class=\"wpb_row vc_row-fluid vc_row full-width-content vc_row-o-equal-height vc_row-flex vc_row-o-content-top landindSliderSection right_padding_90px left_padding_90px top_padding_tablet_60px bottom_padding_tablet_30px right_padding_tablet_60px left_padding_tablet_60px\"  style=\"padding-top: 90px; padding-bottom: 60px; \"><div class=\"row-bg-wrap\" data-bg-animation=\"none\" data-bg-animation-delay=\"\" data-bg-overlay=\"false\"><div class=\"inner-wrap row-bg-layer\" ><div class=\"row-bg viewport-desktop\"  style=\"\"><\/div><\/div><\/div><div class=\"row_col_wrap_12 col span_12 dark left\">\n\t<div  class=\"vc_col-sm-12 wpb_column column_container vc_column_container col no-extra-padding inherit_tablet inherit_phone\"  data-padding-pos=\"left\" data-has-bg-color=\"false\" data-bg-color=\"\" data-bg-opacity=\"1\" data-animation=\"\" data-delay=\"0\" >\n\t\t<div class=\"vc_column-inner\" >\n\t\t\t<div class=\"wpb_wrapper\">\n\t\t\t\t\n<div class=\"wpb_text_column wpb_content_element\" >\n\t<div class=\"wpb_wrapper\">\n\t\t<h1 style=\"text-align: center;\"><span style=\"font-size: 1.5em; line-height: 1.2em;\">Webinare<\/span><\/h1>\n\t<\/div>\n<\/div>\n\n\n\n<div class=\"divider-wrap\" data-alignment=\"default\"><div style=\"height: 30px;\" class=\"divider\"><\/div><\/div>\n<div class=\"wpb_text_column wpb_content_element\" >\n\t<div class=\"wpb_wrapper\">\n\t\t<p style=\"text-align: center;\">Erschlie\u00dfen Sie die Macht der Daten mit unserem kostenlosen <a href=\"https:\/\/www.scalefree.com\/consulting\/data-vault-2-1\/\">Data Vault 2.1<\/a> Webinare.<br \/>\nSchlie\u00dfen Sie sich mit Branchenexperten zusammen, erweitern Sie Ihre F\u00e4higkeiten und bleiben Sie in Data Warehousing auf dem Laufenden.<\/p>\n\t<\/div>\n<\/div>\n\n\n\n<div class=\"divider-wrap\" data-alignment=\"default\"><div style=\"height: 30px;\" class=\"divider\"><\/div><\/div>\n<div class=\"wpb_text_column wpb_content_element\" >\n\t<div class=\"wpb_wrapper\">\n\t\t<div class=\"page-nav\"><a href=\"https:\/\/www.scalefree.com\/de\/wissen\/webinare\/\">Alle Webinare<\/a><br \/>\n<a href=\"https:\/\/www.scalefree.com\/de\/wissen\/webinare\/einsteiger\/\">Einsteiger<\/a><br \/>\n<a href=\"https:\/\/www.scalefree.com\/de\/wissen\/webinare\/fortgeschrittene\/\">Fortgeschrittene<\/a><br \/>\n<a class=\"current\" href=\"https:\/\/www.scalefree.com\/de\/wissen\/webinare\/experte\/\">Experte<\/a><\/div>\n\t<\/div>\n<\/div>\n\n\n\n\n\t\t\t<\/div> \n\t\t<\/div>\n\t<\/div> \n<\/div><\/div>\n\t\t<div id=\"fws_69f009e1ba95a\"  data-column-margin=\"default\" data-midnight=\"dark\"  class=\"wpb_row vc_row-fluid vc_row vc_row-o-equal-height vc_row-flex  reverse_columns_column_tablet reverse_columns_column_phone\"  style=\"padding-top: 0px; padding-bottom: 0px; \"><div class=\"row-bg-wrap\" data-bg-animation=\"none\" data-bg-animation-delay=\"\" data-bg-overlay=\"false\"><div class=\"inner-wrap row-bg-layer\" ><div class=\"row-bg viewport-desktop\"  style=\"\"><\/div><\/div><\/div><div class=\"row_col_wrap_12 col span_12 dark left\">\n\t<div  class=\"vc_col-sm-12 wpb_column column_container vc_column_container col no-extra-padding inherit_tablet inherit_phone\"  data-padding-pos=\"all\" data-has-bg-color=\"false\" data-bg-color=\"\" data-bg-opacity=\"1\" data-animation=\"\" data-delay=\"0\" >\n\t\t<div class=\"vc_column-inner\" >\n\t\t\t<div class=\"wpb_wrapper\">\n\t\t\t\t<div class=\"divider-wrap\" data-alignment=\"default\"><div style=\"height: 30px;\" class=\"divider\"><\/div><\/div>\n<div class=\"wpb_text_column wpb_content_element\" >\n\t<div class=\"wpb_wrapper\">\n\t\t<h2>Kommende Webinare<\/h2>\n\t<\/div>\n<\/div>\n\n\n\n<div class=\"divider-wrap\" data-alignment=\"default\"><div style=\"height: 15px;\" class=\"divider\"><\/div><\/div>\n\t<div class=\"wpb_raw_code wpb_raw_html wpb_content_element\" >\n\t\t<div class=\"wpb_wrapper\">\n\t\t\t\n\n<a href=\"https:\/\/www.etis.org\/agenda\/webinar-beyond-the-dashboard-how-modern-data-warehousing-powers-predictive-analytics-196\" target=\"_blank\">\n\t<div class=\"training-box\">\n\t\t<ul>\n\t\t\t<li class=\"training-date\">\n\t\t\t\t<span class=\"date-week\">TUE<\/span><br>\n\t\t\t\t5th<br>\n\t\t\t\tMai\n\t\t\t<\/li>\n\t\t\t<li class=\"training-time\">\n\t\t\t\t<span class=\"training-title\">Beyond the Dashboard: How modern Data Warehousing powers Predictive Analytics<\/span>\n\t\t\t<\/li>\n\t\t<\/ul>\n\t<\/div>\n<\/a>\n\n<a href=\"https:\/\/us02web.zoom.us\/webinar\/register\/WN_hSOXg9tlTpmwfaP5GsukHA\" target=\"_blank\">\n\t<div class=\"training-box\">\n\t\t<ul>\n\t\t\t<li class=\"training-date\">\n\t\t\t\t<span class=\"date-week\">TUE<\/span><br>\n\t\t\t\t12.<br>\n\t\t\t\tMai\n\t\t\t<\/li>\n\t\t\t<li class=\"training-time\">\n\t\t\t\t<span class=\"training-title\">Building a Context Layer: Bridging Data Vault, AI, and Governance with Dawiso<\/span>\n\t\t\t<\/li>\n\t\t<\/ul>\n\t<\/div>\n<\/a>\n\n<a href=\"https:\/\/us02web.zoom.us\/webinar\/register\/WN_zn8NoX5fST-zlccWafb7_w\" target=\"_blank\">\n\t<div class=\"training-box\">\n\t\t<ul>\n\t\t\t<li class=\"training-date\">\n\t\t\t\t<span class=\"date-week\">TUE<\/span><br>\n\t\t\t\t19.<br>\n\t\t\t\tMai\n\t\t\t<\/li>\n\t\t\t<li class=\"training-time\">\n\t\t\t\t<span class=\"training-title\">The Battle of Table Formats: Iceberg vs Delta vs Hudi<\/span>\n\t\t\t<\/li>\n\t\t<\/ul>\n\t<\/div>\n<\/a>\n\n<a href=\"https:\/\/us02web.zoom.us\/webinar\/register\/WN_bXcSirOiSw66_FaEcNSHtA\" target=\"_blank\">\n\t<div class=\"training-box\">\n\t\t<ul>\n\t\t\t<li class=\"training-date\">\n\t\t\t\t<span class=\"date-week\">TUE<\/span><br>\n\t\t\t\t16.<br>\n\t\t\t\tJUN\n\t\t\t<\/li>\n\t\t\t<li class=\"training-time\">\n\t\t\t\t<span class=\"training-title\">Mastering Conversational Analytics: A Practical Guide to Setup, Testing, and Optimization<\/span>\n\t\t\t<\/li>\n\t\t<\/ul>\n\t<\/div>\n<\/a>\n\n\n\t\t<\/div>\n\t<\/div>\n\n\t\t\t<\/div> \n\t\t<\/div>\n\t<\/div> \n<\/div><\/div>\n\t\t<div id=\"fws_69f009e1bb294\"  data-column-margin=\"default\" data-midnight=\"dark\"  class=\"wpb_row vc_row-fluid vc_row vc_row-o-equal-height vc_row-flex  reverse_columns_column_tablet reverse_columns_column_phone\"  style=\"padding-top: 0px; padding-bottom: 0px; \"><div class=\"row-bg-wrap\" data-bg-animation=\"none\" data-bg-animation-delay=\"\" data-bg-overlay=\"false\"><div class=\"inner-wrap row-bg-layer\" ><div class=\"row-bg viewport-desktop\"  style=\"\"><\/div><\/div><\/div><div class=\"row_col_wrap_12 col span_12 dark left\">\n\t<div  class=\"vc_col-sm-12 wpb_column column_container vc_column_container col no-extra-padding inherit_tablet inherit_phone\"  data-padding-pos=\"all\" data-has-bg-color=\"false\" data-bg-color=\"\" data-bg-opacity=\"1\" data-animation=\"\" data-delay=\"0\" >\n\t\t<div class=\"vc_column-inner\" >\n\t\t\t<div class=\"wpb_wrapper\">\n\t\t\t\t<div class=\"divider-wrap\" data-alignment=\"default\"><div style=\"height: 30px;\" class=\"divider\"><\/div><\/div>\n<div class=\"wpb_text_column wpb_content_element\" >\n\t<div class=\"wpb_wrapper\">\n\t\t<h2>Webinare f\u00fcr Experten<\/h2>\n\t<\/div>\n<\/div>\n\n\n\n<div class=\"divider-wrap\" data-alignment=\"default\"><div style=\"height: 30px;\" class=\"divider\"><\/div><\/div>\n\t<div class=\"wpb_raw_code wpb_raw_html wpb_content_element\" >\n\t\t<div class=\"wpb_wrapper\">\n\t\t\t<!-- Search bar for Webinars -->\n<form role=\"search\" method=\"get\" class=\"search-form\" action=\"https:\/\/www.scalefree.com\/de\/\" data-trp-original-action=\"https:\/\/www.scalefree.com\/\">\n    <input type=\"search\" class=\"search-field\" placeholder=\"Suche nach Webinaren\" value=\"\" name=\"s\" required=\"\" title=\"Suche nach Webinaren\">\n    <input type=\"hidden\" name=\"post_type\" value=\"post\">\n    <input type=\"hidden\" name=\"category_name\" value=\"webinars\">\n    <input type=\"hidden\" name=\"cat\" value=\"1667\">\n    <button type=\"submit\" class=\"search-widget-btn\">\n        <span class=\"normal icon-salient-search\" aria-hidden=\"true\"><\/span>\n    <\/button>\n<input type=\"hidden\" name=\"trp-form-language\" value=\"de\"\/><\/form>\n\t\t<\/div>\n\t<\/div>\n<div class=\"divider-wrap\" data-alignment=\"default\"><div style=\"height: 30px;\" class=\"divider\"><\/div><\/div><div class='nectar-post-grid-wrap text-color-dark spacing-15px' data-el-settings='{\"post_type\":\"post\",\"pagination\":\"load-more\",\"image_size\":\"medium\",\"parallax_scrolling\":\"\",\"aspect_ratio_image_size\":\"\",\"category_position\":\"default\",\"category_display\":\"default\",\"display_categories\":\"0\",\"display_excerpt\":\"0\",\"excerpt_length\":\"20\",\"display_date\":\"yes\",\"display_estimated_reading_time\":\"0\",\"display_author\":\"0\",\"author_functionality\":\"default\",\"author_position\":\"default\",\"color_overlay\":\"\",\"color_overlay_opacity\":\"\",\"color_overlay_hover_opacity\":\"\",\"card_bg_color\":\"#ededed\",\"grid_style\":\"content_under_image\",\"hover_effect\":\"slow_zoom\",\"post_title_overlay\":\"\",\"heading_tag\":\"h4\",\"enable_gallery_lightbox\":\"0\",\"category_style\":\"underline\",\"overlay_secondary_project_image\":\"\",\"vertical_list_hover_effect\":\"none\",\"vertical_list_read_more\":\"\",\"read_more_button\":\"0\",\"animation\":\"none\",\"custom_fields\":\"\",\"custom_fields_location\":\"before_post_meta\",\"display_type\":\"grid\"}' data-style='content_under_image' data-query='{\"post_type\":\"post\",\"posts_per_page\":\"12\",\"order\":\"DESC\",\"orderby\":\"date\",\"offset\":\"0\",\"cpt_name\":\"post\",\"custom_query_tax\":\"\",\"ignore_sticky_posts\":\"\",\"exclude_current_post\":\"\"}' data-load-more-color='accent-color' data-load-more-text='Load More'><div class=\"nectar-post-grid-filters\" data-active-color=\"default\" data-align=\"default\" data-animation=\"none\" data-sortable=\"\"><div><a href=\"#\" data-filter=\"expert\" data-total-count=\"4\">Experte<\/a><\/div><\/div><div class=\"nectar-post-grid card_hover_color_ededed category-position-before-title\" data-indicator=\"\" data-indicator-style=\"default\" data-indicator-text-color=\"#fff\" data-indicator-color=\"#000\" data-indicator-text=\"View\" data-columns=\"3\" data-hover-effect=\"slow_zoom\" data-text-style=\"default\" data-border-radius=\"none\" data-grid-item-height=\"30vh\" data-grid-spacing=\"15px\" data-text-layout=\"top_left\" data-text-color=\"dark\" data-text-hover-color=\"dark\" data-shadow-hover=\"yes\" data-animation=\"none\" data-animation-stagger=\"90\" data-cat-click=\"default\"  data-lock-aspect=\"\"  data-text-align=\"left\" data-card=\"yes\" ><div class=\"nectar-post-grid-item\" style=\"background-color: #ededed;\" data-post-id=\"32939\" data-has-img=\"true\"> <div class=\"inner\"><div class=\"nectar-post-grid-item-bg-wrap\"><div class=\"nectar-post-grid-item-bg-wrap-inner\"><a class=\"bg-wrap-link\" href=\"https:\/\/www.scalefree.com\/de\/blog\/data-warehouse\/mastering-metadata-data-catalogs-in-data-warehousing-with-datahub\/\"><span class=\"screen-reader-text\">Metadata meistern: Data Catalogs im Data Warehousing mit Datahub<\/span><\/a><div class=\"nectar-post-grid-item-bg\"><img loading=\"lazy\" decoding=\"async\" class=\"nectar-lazy skip-lazy\" src=\"data:image\/svg+xml;charset=utf-8,%3Csvg%20xmlns%3D'http%3A%2F%2Fwww.w3.org%2F2000%2Fsvg'%20viewBox%3D'0%200%201414%20907'%2F%3E\" alt=\"\" height=\"907\" width=\"1414\" data-nectar-img-src=\"https:\/\/www.scalefree.com\/wp-content\/uploads\/2022\/08\/img_datamodel-1-300x192.jpg\" data-nectar-img-srcset=\"https:\/\/www.scalefree.com\/wp-content\/uploads\/2022\/08\/img_datamodel-1-300x192.jpg 300w, https:\/\/www.scalefree.com\/wp-content\/uploads\/2022\/08\/img_datamodel-1-1024x657.jpg 1024w, https:\/\/www.scalefree.com\/wp-content\/uploads\/2022\/08\/img_datamodel-1-768x493.jpg 768w, https:\/\/www.scalefree.com\/wp-content\/uploads\/2022\/08\/img_datamodel-1-320x205.jpg 320w, https:\/\/www.scalefree.com\/wp-content\/uploads\/2022\/08\/img_datamodel-1-640x411.jpg 640w, https:\/\/www.scalefree.com\/wp-content\/uploads\/2022\/08\/img_datamodel-1-360x231.jpg 360w, https:\/\/www.scalefree.com\/wp-content\/uploads\/2022\/08\/img_datamodel-1-720x462.jpg 720w, https:\/\/www.scalefree.com\/wp-content\/uploads\/2022\/08\/img_datamodel-1-1080x693.jpg 1080w, https:\/\/www.scalefree.com\/wp-content\/uploads\/2022\/08\/img_datamodel-1-800x513.jpg 800w, https:\/\/www.scalefree.com\/wp-content\/uploads\/2022\/08\/img_datamodel-1-1280x821.jpg 1280w, https:\/\/www.scalefree.com\/wp-content\/uploads\/2022\/08\/img_datamodel-1-600x385.jpg 600w, https:\/\/www.scalefree.com\/wp-content\/uploads\/2022\/08\/img_datamodel-1.jpg 1414w\" sizes=\"auto, (max-width: 300px) 100vw, 300px\" \/><\/div><\/div><\/div><div class=\"content\"><a class=\"nectar-post-grid-link\" href=\"https:\/\/www.scalefree.com\/de\/blog\/data-warehouse\/mastering-metadata-data-catalogs-in-data-warehousing-with-datahub\/\" ><span class=\"screen-reader-text\">Metadata meistern: Data Catalogs im Data Warehousing mit Datahub<\/span><\/a><div class=\"item-main\"><h4 class=\"post-heading\"><a href=\"https:\/\/www.scalefree.com\/de\/blog\/data-warehouse\/mastering-metadata-data-catalogs-in-data-warehousing-with-datahub\/\"><span>Metadata meistern: Data Catalogs im Data Warehousing mit Datahub<\/span><\/a><\/h4><span class=\"nectar-post-grid-item__meta-wrap\"><span class=\"meta-date\">27. Juni 2023<\/span><\/span><\/div><\/div><\/div><\/div><div class=\"nectar-post-grid-item\" style=\"background-color: #ededed;\" data-post-id=\"30081\" data-has-img=\"true\"> <div class=\"inner\"><div class=\"nectar-post-grid-item-bg-wrap\"><div class=\"nectar-post-grid-item-bg-wrap-inner\"><a class=\"bg-wrap-link\" href=\"https:\/\/www.scalefree.com\/de\/blog\/data-vault\/multi-temporality-in-data-vault-2-0-part-2-a-practical-example\/\"><span class=\"screen-reader-text\">Multi-Temporalit\u00e4t in Data Vault 2.0 - Teil 2: Ein praktisches Beispiel<\/span><\/a><div class=\"nectar-post-grid-item-bg\"><img loading=\"lazy\" decoding=\"async\" class=\"nectar-lazy skip-lazy\" src=\"data:image\/svg+xml;charset=utf-8,%3Csvg%20xmlns%3D'http%3A%2F%2Fwww.w3.org%2F2000%2Fsvg'%20viewBox%3D'0%200%202560%201728'%2F%3E\" alt=\"Eine abstrakte Illustration zeigt eine gro\u00dfe Uhr in der Mitte mit verbundenen schaltkreisartigen Linien. Im Hintergrund sind Symbole eines Kalenders und einer kleineren Uhr zu sehen. Zwei gro\u00dfe Pfeile, die nach au\u00dfen zeigen, erscheinen auf beiden Seiten, und der Hintergrund hat blaue und graue Spritzer.\" height=\"1728\" width=\"2560\" data-nectar-img-src=\"https:\/\/www.scalefree.com\/wp-content\/uploads\/2022\/08\/210811_multitemporal-class_rgb-1-1-300x202.jpg\" data-nectar-img-srcset=\"https:\/\/www.scalefree.com\/wp-content\/uploads\/2022\/08\/210811_multitemporal-class_rgb-1-1-300x202.jpg 300w, https:\/\/www.scalefree.com\/wp-content\/uploads\/2022\/08\/210811_multitemporal-class_rgb-1-1-1024x691.jpg 1024w, https:\/\/www.scalefree.com\/wp-content\/uploads\/2022\/08\/210811_multitemporal-class_rgb-1-1-768x518.jpg 768w, https:\/\/www.scalefree.com\/wp-content\/uploads\/2022\/08\/210811_multitemporal-class_rgb-1-1-1536x1037.jpg 1536w, https:\/\/www.scalefree.com\/wp-content\/uploads\/2022\/08\/210811_multitemporal-class_rgb-1-1-2048x1382.jpg 2048w, https:\/\/www.scalefree.com\/wp-content\/uploads\/2022\/08\/210811_multitemporal-class_rgb-1-1-320x216.jpg 320w, https:\/\/www.scalefree.com\/wp-content\/uploads\/2022\/08\/210811_multitemporal-class_rgb-1-1-640x432.jpg 640w, https:\/\/www.scalefree.com\/wp-content\/uploads\/2022\/08\/210811_multitemporal-class_rgb-1-1-360x243.jpg 360w, https:\/\/www.scalefree.com\/wp-content\/uploads\/2022\/08\/210811_multitemporal-class_rgb-1-1-720x486.jpg 720w, https:\/\/www.scalefree.com\/wp-content\/uploads\/2022\/08\/210811_multitemporal-class_rgb-1-1-1080x729.jpg 1080w, https:\/\/www.scalefree.com\/wp-content\/uploads\/2022\/08\/210811_multitemporal-class_rgb-1-1-800x540.jpg 800w, https:\/\/www.scalefree.com\/wp-content\/uploads\/2022\/08\/210811_multitemporal-class_rgb-1-1-1280x864.jpg 1280w, https:\/\/www.scalefree.com\/wp-content\/uploads\/2022\/08\/210811_multitemporal-class_rgb-1-1-900x604.jpg 900w, https:\/\/www.scalefree.com\/wp-content\/uploads\/2022\/08\/210811_multitemporal-class_rgb-1-1-600x405.jpg 600w, https:\/\/www.scalefree.com\/wp-content\/uploads\/2022\/08\/210811_multitemporal-class_rgb-1-1-400x269.jpg 400w\" sizes=\"auto, (max-width: 300px) 100vw, 300px\" \/><\/div><\/div><\/div><div class=\"content\"><a class=\"nectar-post-grid-link\" href=\"https:\/\/www.scalefree.com\/de\/blog\/data-vault\/multi-temporality-in-data-vault-2-0-part-2-a-practical-example\/\" ><span class=\"screen-reader-text\">Multi-Temporalit\u00e4t in Data Vault 2.0 - Teil 2: Ein praktisches Beispiel<\/span><\/a><div class=\"item-main\"><h4 class=\"post-heading\"><a href=\"https:\/\/www.scalefree.com\/de\/blog\/data-vault\/multi-temporality-in-data-vault-2-0-part-2-a-practical-example\/\"><span>Multi-Temporalit\u00e4t in Data Vault 2.0 - Teil 2: Ein praktisches Beispiel<\/span><\/a><\/h4><span class=\"nectar-post-grid-item__meta-wrap\"><span class=\"meta-date\">M\u00e4rz 29, 2022<\/span><\/span><\/div><\/div><\/div><\/div><div class=\"nectar-post-grid-item\" style=\"background-color: #ededed;\" data-post-id=\"29480\" data-has-img=\"true\"> <div class=\"inner\"><div class=\"nectar-post-grid-item-bg-wrap\"><div class=\"nectar-post-grid-item-bg-wrap-inner\"><a class=\"bg-wrap-link\" href=\"https:\/\/www.scalefree.com\/de\/blog\/data-vault\/multi-temporality-in-data-vault-2-0-part-1\/\"><span class=\"screen-reader-text\">Multi-Temporalit\u00e4t in Data Vault 2.0 - Teil 1<\/span><\/a><div class=\"nectar-post-grid-item-bg\"><img loading=\"lazy\" decoding=\"async\" class=\"nectar-lazy skip-lazy\" src=\"data:image\/svg+xml;charset=utf-8,%3Csvg%20xmlns%3D'http%3A%2F%2Fwww.w3.org%2F2000%2Fsvg'%20viewBox%3D'0%200%202560%201728'%2F%3E\" alt=\"Eine abstrakte Illustration zeigt eine gro\u00dfe Uhr in der Mitte mit verbundenen schaltkreisartigen Linien. Im Hintergrund sind Symbole eines Kalenders und einer kleineren Uhr zu sehen. Zwei gro\u00dfe Pfeile, die nach au\u00dfen zeigen, erscheinen auf beiden Seiten, und der Hintergrund hat blaue und graue Spritzer.\" height=\"1728\" width=\"2560\" data-nectar-img-src=\"https:\/\/www.scalefree.com\/wp-content\/uploads\/2022\/08\/210811_multitemporal-class_rgb-1-1-300x202.jpg\" data-nectar-img-srcset=\"https:\/\/www.scalefree.com\/wp-content\/uploads\/2022\/08\/210811_multitemporal-class_rgb-1-1-300x202.jpg 300w, https:\/\/www.scalefree.com\/wp-content\/uploads\/2022\/08\/210811_multitemporal-class_rgb-1-1-1024x691.jpg 1024w, https:\/\/www.scalefree.com\/wp-content\/uploads\/2022\/08\/210811_multitemporal-class_rgb-1-1-768x518.jpg 768w, https:\/\/www.scalefree.com\/wp-content\/uploads\/2022\/08\/210811_multitemporal-class_rgb-1-1-1536x1037.jpg 1536w, https:\/\/www.scalefree.com\/wp-content\/uploads\/2022\/08\/210811_multitemporal-class_rgb-1-1-2048x1382.jpg 2048w, https:\/\/www.scalefree.com\/wp-content\/uploads\/2022\/08\/210811_multitemporal-class_rgb-1-1-320x216.jpg 320w, https:\/\/www.scalefree.com\/wp-content\/uploads\/2022\/08\/210811_multitemporal-class_rgb-1-1-640x432.jpg 640w, https:\/\/www.scalefree.com\/wp-content\/uploads\/2022\/08\/210811_multitemporal-class_rgb-1-1-360x243.jpg 360w, https:\/\/www.scalefree.com\/wp-content\/uploads\/2022\/08\/210811_multitemporal-class_rgb-1-1-720x486.jpg 720w, https:\/\/www.scalefree.com\/wp-content\/uploads\/2022\/08\/210811_multitemporal-class_rgb-1-1-1080x729.jpg 1080w, https:\/\/www.scalefree.com\/wp-content\/uploads\/2022\/08\/210811_multitemporal-class_rgb-1-1-800x540.jpg 800w, https:\/\/www.scalefree.com\/wp-content\/uploads\/2022\/08\/210811_multitemporal-class_rgb-1-1-1280x864.jpg 1280w, https:\/\/www.scalefree.com\/wp-content\/uploads\/2022\/08\/210811_multitemporal-class_rgb-1-1-900x604.jpg 900w, https:\/\/www.scalefree.com\/wp-content\/uploads\/2022\/08\/210811_multitemporal-class_rgb-1-1-600x405.jpg 600w, https:\/\/www.scalefree.com\/wp-content\/uploads\/2022\/08\/210811_multitemporal-class_rgb-1-1-400x269.jpg 400w\" sizes=\"auto, (max-width: 300px) 100vw, 300px\" \/><\/div><\/div><\/div><div class=\"content\"><a class=\"nectar-post-grid-link\" href=\"https:\/\/www.scalefree.com\/de\/blog\/data-vault\/multi-temporality-in-data-vault-2-0-part-1\/\" ><span class=\"screen-reader-text\">Multi-Temporalit\u00e4t in Data Vault 2.0 - Teil 1<\/span><\/a><div class=\"item-main\"><h4 class=\"post-heading\"><a href=\"https:\/\/www.scalefree.com\/de\/blog\/data-vault\/multi-temporality-in-data-vault-2-0-part-1\/\"><span>Multi-Temporalit\u00e4t in Data Vault 2.0 - Teil 1<\/span><\/a><\/h4><span class=\"nectar-post-grid-item__meta-wrap\"><span class=\"meta-date\">Januar 25, 2022<\/span><\/span><\/div><\/div><\/div><\/div><div class=\"nectar-post-grid-item\" style=\"background-color: #ededed;\" data-post-id=\"36869\" data-has-img=\"true\"> <div class=\"inner\"><div class=\"nectar-post-grid-item-bg-wrap\"><div class=\"nectar-post-grid-item-bg-wrap-inner\"><a class=\"bg-wrap-link\" href=\"https:\/\/www.scalefree.com\/de\/knowledge\/webinars\/expert\/data-driven-decision-making-for-power-users-and-data-scientists\/\"><span class=\"screen-reader-text\">Datengest\u00fctzte Entscheidungsfindung - f\u00fcr Power-User und Datenwissenschaftler<\/span><\/a><div class=\"nectar-post-grid-item-bg\"><img loading=\"lazy\" decoding=\"async\" class=\"nectar-lazy skip-lazy\" src=\"data:image\/svg+xml;charset=utf-8,%3Csvg%20xmlns%3D'http%3A%2F%2Fwww.w3.org%2F2000%2Fsvg'%20viewBox%3D'0%200%201024%20679'%2F%3E\" alt=\"\" height=\"679\" width=\"1024\" data-nectar-img-src=\"https:\/\/www.scalefree.com\/wp-content\/uploads\/2023\/12\/free-webinars-640x424.jpg\" data-nectar-img-srcset=\"https:\/\/www.scalefree.com\/wp-content\/uploads\/2023\/12\/free-webinars-640x424.jpg 640w, https:\/\/www.scalefree.com\/wp-content\/uploads\/2023\/12\/free-webinars-768x509.jpg 768w, https:\/\/www.scalefree.com\/wp-content\/uploads\/2023\/12\/free-webinars-600x398.jpg 600w, https:\/\/www.scalefree.com\/wp-content\/uploads\/2023\/12\/free-webinars.jpg 1024w\" sizes=\"auto, (max-width: 640px) 100vw, 640px\" \/><\/div><\/div><\/div><div class=\"content\"><a class=\"nectar-post-grid-link\" href=\"https:\/\/www.scalefree.com\/de\/knowledge\/webinars\/expert\/data-driven-decision-making-for-power-users-and-data-scientists\/\" ><span class=\"screen-reader-text\">Datengest\u00fctzte Entscheidungsfindung - f\u00fcr Power-User und Datenwissenschaftler<\/span><\/a><div class=\"item-main\"><h4 class=\"post-heading\"><a href=\"https:\/\/www.scalefree.com\/de\/knowledge\/webinars\/expert\/data-driven-decision-making-for-power-users-and-data-scientists\/\"><span>Datengest\u00fctzte Entscheidungsfindung - f\u00fcr Power-User und Datenwissenschaftler<\/span><\/a><\/h4><span class=\"nectar-post-grid-item__meta-wrap\"><span class=\"meta-date\">April 15, 2021<\/span><\/span><\/div><\/div><\/div><\/div><\/div><\/div>\n\t\t\t<\/div> \n\t\t<\/div>\n\t<\/div> \n<\/div><\/div>","protected":false},"excerpt":{"rendered":"Webinar ansehen In diesem Webinar pr\u00e4sentiert Michael Olschimke, der CEO von Scalefree, wie man zus\u00e4tzliche Vorteile aus dem data warehouse f\u00fcr Unternehmen ziehen kann, indem man die L\u00f6sung f\u00fcr...","protected":false},"author":54,"featured_media":0,"parent":36554,"menu_order":0,"comment_status":"closed","ping_status":"closed","template":"","meta":{"footnotes":""},"class_list":["post-36567","page","type-page","status-publish"],"aioseo_notices":[],"_links":{"self":[{"href":"https:\/\/www.scalefree.com\/de\/wp-json\/wp\/v2\/pages\/36567","targetHints":{"allow":["GET"]}}],"collection":[{"href":"https:\/\/www.scalefree.com\/de\/wp-json\/wp\/v2\/pages"}],"about":[{"href":"https:\/\/www.scalefree.com\/de\/wp-json\/wp\/v2\/types\/page"}],"author":[{"embeddable":true,"href":"https:\/\/www.scalefree.com\/de\/wp-json\/wp\/v2\/users\/54"}],"replies":[{"embeddable":true,"href":"https:\/\/www.scalefree.com\/de\/wp-json\/wp\/v2\/comments?post=36567"}],"version-history":[{"count":1,"href":"https:\/\/www.scalefree.com\/de\/wp-json\/wp\/v2\/pages\/36567\/revisions"}],"predecessor-version":[{"id":55188,"href":"https:\/\/www.scalefree.com\/de\/wp-json\/wp\/v2\/pages\/36567\/revisions\/55188"}],"up":[{"embeddable":true,"href":"https:\/\/www.scalefree.com\/de\/wp-json\/wp\/v2\/pages\/36554"}],"wp:attachment":[{"href":"https:\/\/www.scalefree.com\/de\/wp-json\/wp\/v2\/media?parent=36567"}],"curies":[{"name":"wp","href":"https:\/\/api.w.org\/{rel}","templated":true}]}}