

{"id":44767,"date":"2025-02-10T11:00:11","date_gmt":"2025-02-10T10:00:11","guid":{"rendered":"https:\/\/www.scalefree.com\/?page_id=44767"},"modified":"2026-04-17T11:42:59","modified_gmt":"2026-04-17T09:42:59","slug":"das-data-vault-handbook","status":"publish","type":"page","link":"https:\/\/www.scalefree.com\/de\/the-data-vault-handbook\/","title":{"rendered":"Das Data Vault-Handbuch - Grundkonzepte und moderne Anwendungen"},"content":{"rendered":"<div id=\"fws_6a06f924e3476\"  data-column-margin=\"30px\" data-midnight=\"dark\"  class=\"wpb_row vc_row-fluid vc_row full-width-section  top_padding_tablet_0px bottom_padding_tablet_0px\"  style=\"padding-top: 30px; padding-bottom: 30px; \"><div class=\"row-bg-wrap\" data-bg-animation=\"none\" data-bg-animation-delay=\"\" data-bg-overlay=\"true\"><div class=\"inner-wrap row-bg-layer\" ><div class=\"row-bg viewport-desktop using-bg-color\"  style=\"background-color: #ffffff; \"><\/div><\/div><div class=\"row-bg-overlay row-bg-layer\" style=\"background-color:#ffffff;  opacity: 0.95; \"><\/div><\/div><div class=\"row_col_wrap_12 col span_12 dark left\">\n\t<div  class=\"vc_col-sm-3\/5 wpb_column column_container vc_column_container col no-extra-padding inherit_tablet inherit_phone\"  data-padding-pos=\"all\" data-has-bg-color=\"false\" data-bg-color=\"\" data-bg-opacity=\"1\" data-animation=\"\" data-delay=\"0\" >\n\t\t<div class=\"vc_column-inner\" >\n\t\t\t<div class=\"wpb_wrapper\">\n\t\t\t\t<div class=\"divider-wrap\" data-alignment=\"default\"><div style=\"height: 30px;\" class=\"divider\"><\/div><\/div>\n<div class=\"wpb_text_column wpb_content_element  vc_custom_1737441367392\" >\n\t<div class=\"wpb_wrapper\">\n\t\t<h1><span style=\"font-size: 1.5em; line-height: 1.2em;\">Das Data Vault Handbook:<br \/>\n<span style=\"color: #00aabe;\">Grundlagen und moderne Anwendungen<\/span><\/span><\/h1>\n\t<\/div>\n<\/div>\n\n\n\n<div class=\"divider-wrap\" data-alignment=\"default\"><div style=\"height: 15px;\" class=\"divider\"><\/div><\/div>\n<div class=\"wpb_text_column wpb_content_element  vc_custom_1739949498885\" >\n\t<div class=\"wpb_wrapper\">\n\t\t<div style=\"background-color: #555; padding: 5px 10px; display: inline-block;\">\n<p><span style=\"font-size: 1.2em; color: #fff;\">Ihr Weg zu einer skalierbaren und resilienten Datenplattform<\/span><\/div>\n\t<\/div>\n<\/div>\n\n\n\n<div class=\"divider-wrap\" data-alignment=\"default\"><div style=\"height: 30px;\" class=\"divider\"><\/div><\/div>\n<div class=\"wpb_text_column wpb_content_element\" >\n\t<div class=\"wpb_wrapper\">\n\t\t<p>Das Data Vault Handbook bietet eine leicht verst\u00e4ndliche <a href=\"\/data-vault-2-0-trainings\/data-vault-2-0-introduction-class\/\">Einf\u00fchrung in Data Vault<\/a>&nbsp;und schl\u00e4gt die Br\u00fccke zwischen umfassenden Fachb\u00fcchern und fragmentierten Online-Ressourcen.<\/p>\n<p>Das Buch richtet sich an Datenexperten mit Erfahrung in Datenplattformen und bietet einen klaren, zusammenh\u00e4ngenden \u00dcberblick \u00fcber die <a href=\"\/de\/beratung\/data-vault-2-0\/\">Prinzipien von Data Vault<\/a>- mit einem besonderen Fokus auf Einfachheit und Verst\u00e4ndlichkeit.<\/p>\n<p>Mit praxisnahen Beispielen und verst\u00e4ndlichen Erkl\u00e4rungen vermittelt der Leitfaden dem Leser die Grundlagen.<\/p>\n<p>Dieses Nachschlagewerk ist ideal f\u00fcr Data Vault-Einsteiger und legt eine solide Basis f\u00fcr die Vertiefung <a href=\"\/de\/wissen\/webinare\/\">fortgeschrittener Themen<\/a>.<\/p>\n<p>In diesem Handbuch werden Sie:<\/p>\n\t<\/div>\n<\/div>\n\n\n\n<div class=\"divider-wrap\" data-alignment=\"default\"><div style=\"height: 30px;\" class=\"divider\"><\/div><\/div><div class=\"nectar-fancy-ul\" data-list-icon=\"icon-salient-thin-line\" data-animation=\"false\" data-animation-delay=\"0\" data-color=\"accent-color\" data-spacing=\"default\" data-alignment=\"left\"> \n<ul>\n<li>Ein umfassendes und zugleich koh\u00e4rentes Verst\u00e4ndnis der Data Vault-Konzepte gewinnen<\/li>\n<li>Grundlegende Prinzipien anhand klarer und leicht verst\u00e4ndlicher Beispiele erlernen<\/li>\n<li>Schl\u00fcsselthemen mit einer ausgewogenen Balance zwischen Tiefe und Pr\u00e4gnanz erkunden<\/li>\n<\/ul>\n <\/div>\n<div class=\"wpb_text_column wpb_content_element\" >\n\t<div class=\"wpb_wrapper\">\n\t\t<p>Sie k\u00f6nnen auch <a href=\"\/de\/kostenloses-data-vault-handbook\/\">fordern Sie Ihr pers\u00f6nliches Gratisexemplar an<\/a> und erhalten <strong>Das Data Vault Handbuch<\/strong> direkt an Ihre Haust\u00fcr geschickt.<\/p>\n\t<\/div>\n<\/div>\n\n\n\n<div class=\"divider-wrap\" data-alignment=\"default\"><div style=\"height: 30px;\" class=\"divider\"><\/div><\/div>\n\t\t\t<\/div> \n\t\t<\/div>\n\t<\/div> \n\n\t<div  class=\"vc_col-sm-2\/5 wpb_column column_container vc_column_container col no-extra-padding inherit_tablet inherit_phone\"  data-padding-pos=\"all\" data-has-bg-color=\"false\" data-bg-color=\"\" data-bg-opacity=\"1\" data-animation=\"\" data-delay=\"0\" >\n\t\t<div class=\"vc_column-inner\" >\n\t\t\t<div class=\"wpb_wrapper\">\n\t\t\t\t\n<div class=\"wpb_text_column wpb_content_element\" >\n\t<div class=\"wpb_wrapper\">\n\t\t<p><a class=\"fbo-embed\" style=\"max-width: 100%;\" href=\"https:\/\/documents.scalefree.com\/view\/236374023\/\" data-fbo-id=\"8eeec07cf1\" data-fbo-lightbox=\"yes\" data-fbo-width=\"100%\" data-fbo-height=\"720px\" data-fbo-version=\"1\">Das Data Vault-Handbuch - Konzepte und Anwendungen<\/a><script async defer src=\"https:\/\/online.flippingbook.com\/EmbedScriptUrl.aspx?m=redir&#038;hid=236374023\"><\/script><\/p>\n\t<\/div>\n<\/div>\n\n\n\n<div class=\"divider-wrap\" data-alignment=\"default\"><div style=\"height: 30px;\" class=\"divider\"><\/div><\/div>\n\t\t\t<\/div> \n\t\t<\/div>\n\t<\/div> \n<\/div><\/div>","protected":false},"excerpt":{"rendered":"Das Data Vault-Handbuch: Core Concepts and Modern Applications Build Your Path to a Scalable and Resilient Data Platform Das Data Vault-Handbuch ist eine verst\u00e4ndliche Einf\u00fchrung in Data Vault,...","protected":false},"author":54,"featured_media":46739,"parent":0,"menu_order":0,"comment_status":"closed","ping_status":"closed","template":"","meta":{"footnotes":""},"class_list":["post-44767","page","type-page","status-publish","has-post-thumbnail"],"aioseo_notices":[],"_links":{"self":[{"href":"https:\/\/www.scalefree.com\/de\/wp-json\/wp\/v2\/pages\/44767","targetHints":{"allow":["GET"]}}],"collection":[{"href":"https:\/\/www.scalefree.com\/de\/wp-json\/wp\/v2\/pages"}],"about":[{"href":"https:\/\/www.scalefree.com\/de\/wp-json\/wp\/v2\/types\/page"}],"author":[{"embeddable":true,"href":"https:\/\/www.scalefree.com\/de\/wp-json\/wp\/v2\/users\/54"}],"replies":[{"embeddable":true,"href":"https:\/\/www.scalefree.com\/de\/wp-json\/wp\/v2\/comments?post=44767"}],"version-history":[{"count":0,"href":"https:\/\/www.scalefree.com\/de\/wp-json\/wp\/v2\/pages\/44767\/revisions"}],"wp:featuredmedia":[{"embeddable":true,"href":"https:\/\/www.scalefree.com\/de\/wp-json\/wp\/v2\/media\/46739"}],"wp:attachment":[{"href":"https:\/\/www.scalefree.com\/de\/wp-json\/wp\/v2\/media?parent=44767"}],"curies":[{"name":"wp","href":"https:\/\/api.w.org\/{rel}","templated":true}]}}