

{"id":6439,"date":"2016-10-13T21:53:23","date_gmt":"2016-10-13T21:53:23","guid":{"rendered":"http:\/\/www.scalefree.com\/?page_id=6439"},"modified":"2025-07-02T10:11:22","modified_gmt":"2025-07-02T08:11:22","slug":"impressum","status":"publish","type":"page","link":"https:\/\/www.scalefree.com\/de\/imprint\/","title":{"rendered":"Impressum"},"content":{"rendered":"<div id=\"fws_6a06f9119c015\"  data-column-margin=\"default\" data-midnight=\"dark\"  class=\"wpb_row vc_row-fluid vc_row full-width-section\"  style=\"padding-top: 0px; padding-bottom: 0px; \"><div class=\"row-bg-wrap\" data-bg-animation=\"none\" data-bg-animation-delay=\"\" data-bg-overlay=\"true\"><div class=\"inner-wrap row-bg-layer\" ><div class=\"row-bg viewport-desktop using-bg-color\"  style=\"background-color: #ffffff; \"><\/div><\/div><div class=\"row-bg-overlay row-bg-layer\" style=\"background-color:#ffffff;  opacity: 0.3; \"><\/div><\/div><div class=\"row_col_wrap_12 col span_12 dark left\">\n\t<div  class=\"vc_col-sm-12 wpb_column column_container vc_column_container col no-extra-padding inherit_tablet inherit_phone\"  data-padding-pos=\"all\" data-has-bg-color=\"false\" data-bg-color=\"\" data-bg-opacity=\"1\" data-animation=\"\" data-delay=\"0\" >\n\t\t<div class=\"vc_column-inner\" >\n\t\t\t<div class=\"wpb_wrapper\">\n\t\t\t\t<div class=\"divider-wrap\" data-alignment=\"default\"><div style=\"height: 60px;\" class=\"divider\"><\/div><\/div>\n<div class=\"wpb_text_column wpb_content_element\" >\n\t<div class=\"wpb_wrapper\">\n\t\t<h1>IMPRESSUM<\/h1>\n<br>\n<h2>Kontaktdaten<\/h2>\n<p>Scalefree International GmbH<br \/>\nSch\u00fctzenallee 3<br \/>\n30519 Hannover<br \/>\nDeutschland<\/p>\n<p>Telefon: +49 (511) 879 89341<br \/>\nFax: +49 (511) 879 89341<br \/>\nE-Mail: <a href=\"mailto:contact@scalefree.com\">contact@scalefree.com<\/a><\/p>\n<p>USt-ID: DE305881327<br \/>\nSteuernummer: 25\/205\/27085<\/p>\n<p>Hauptsitz des Unternehmens: Hannover, Deutschland<br \/>\nEintragung: Amtsgericht Hannover, HRB 213578<\/p>\n<p>Vorstandsvorsitzende: Michael Olschimke &amp; Christof Wenzeritt<br \/>\n<br><\/p>\n<h2>ALLGEMEINE INFORMATIONEN<\/h2>\n<p><strong>VERANTWORTLICH F\u00dcR DEN REDAKTIONELLEN INHALT GEM\u00c4SS \u00a7 18 ABS.. 2 MStV (MEDIENSTAATSVERTRAG NACH DEUTSCHEM RECHT)<\/strong><\/p>\n<p>Scalefree International GmbH<br \/>\nSch\u00fctzenallee 3<br \/>\n30519 Hannover<br \/>\nDeutschland<br \/>\n<br><\/p>\n<h2>Einhaltung der Vorschriften und Berichterstattung<\/h2>\n<p>Wir legen Wert auf offene Kommunikation. Sie k\u00f6nnen unser <a href=\"https:\/\/scalefree.ak-compliance.de\/\" target=\"_blank\" rel=\"noopener\">Beschwerde- und Whistleblower-Portal<\/a> System nutzen, um uns Verst\u00f6\u00dfe gegen Gesetze und Vorschriften anonym zu melden.<\/p>\n<br>\n<h2>ZUST\u00c4NDIGKEITSBEREICH<\/h2>\n<p>Dieses Impressum gilt nur f\u00fcr Inhalte auf der Domain: www.scalefree.com und den folgenden Social Media Accounts:<\/p>\n<p><a href=\"https:\/\/www.linkedin.com\/company\/scalefree\/\" target=\"_blank\" rel=\"noopener\">https:\/\/www.linkedin.com\/company\/scalefree\/<\/a><br \/>\nDatenschutzbestimmungen f\u00fcr das LinkedIn-Konto anzeigen <a href=\"https:\/\/www.scalefree.com\/legal\/\" target=\"_blank\" rel=\"noopener\">hier<\/a><\/p>\n<p><a href=\"https:\/\/www.linkedin.com\/in\/olschimke\" target=\"_blank\" rel=\"noopener\">https:\/\/www.linkedin.com\/in\/olschimke<\/a><\/p>\n<p><a href=\"https:\/\/www.xing.com\/pages\/scalefreeinternationalgmbh\" target=\"_blank\" rel=\"noopener\">https:\/\/www.xing.com\/pages\/scalefreeinternationalgmbh<\/a><br \/>\nDatenschutzbestimmungen f\u00fcr das Xing-Konto anzeigen <a href=\"https:\/\/www.scalefree.com\/legal\/\" target=\"_blank\" rel=\"noopener\">hier<\/a><\/p>\n<p><a href=\"https:\/\/www.xing.com\/profile\/Michael_Olschimke\/\" target=\"_blank\" rel=\"noopener\">https:\/\/www.xing.com\/profile\/Michael_Olschimke\/<\/a><\/p>\n<p><a href=\"https:\/\/www.instagram.com\/scalefreeworks\/\" target=\"_blank\" rel=\"noopener\">https:\/\/www.instagram.com\/scalefreeworks\/<\/a><\/p>\n<p><a href=\"https:\/\/www.facebook.com\/datavault.scalefree\/\" target=\"_blank\" rel=\"noopener\">https:\/\/www.facebook.com\/datavault.scalefree\/<\/a><\/p>\n<p><a href=\"https:\/\/www.youtube.com\/@scalefreeCOM\" target=\"_blank\" rel=\"noopener\">https:\/\/www.youtube.com\/@scalefreeCOM<\/a><\/p>\n<p><a href=\"https:\/\/www.tiktok.com\/@scalefree\" target=\"_blank\" rel=\"noopener\">https:\/\/www.tiktok.com\/@scalefree<\/a><\/p>\n<p><a href=\"https:\/\/www.twitter.com\/ScalefreeCOM\" target=\"_blank\" rel=\"noopener\">https:\/\/www.twitter.com\/ScalefreeCOM<\/a><br \/>\n<br><\/p>\n<h2>Haftungsausschluss<\/h2>\n<br>\n<h3>Haftung f\u00fcr Inhalte<\/h3>\n<p>Die Inhalte unserer Seiten wurden mit gr\u00f6\u00dfter Sorgfalt erstellt. F\u00fcr die Richtigkeit, Vollst\u00e4ndigkeit und Aktualit\u00e4t der Inhalte k\u00f6nnen wir jedoch keine Gew\u00e4hr \u00fcbernehmen.<\/p>\n<p>Als Diensteanbieter sind wir gem\u00e4\u00df \u00a7 7 Abs.1 TMG (Telemediengesetz) f\u00fcr eigene Inhalte auf diesen Seiten verantwortlich. Nach \u00a7\u00a7 8 bis 10 TMG sind wir als Diensteanbieter jedoch nicht verpflichtet, \u00fcbermittelte oder gespeicherte fremde Informationen zu \u00fcberwachen oder nach Umst\u00e4nden zu forschen, die auf eine rechtswidrige T\u00e4tigkeit hinweisen. Verpflichtungen zur Entfernung oder Sperrung der Nutzung von Informationen nach den allgemeinen Gesetzen bleiben hiervon unber\u00fchrt. Eine diesbez\u00fcgliche Haftung ist jedoch erst ab dem Zeitpunkt der Kenntnis einer konkreten Rechtsverletzung m\u00f6glich. Bei Bekanntwerden von entsprechenden Rechtsverletzungen werden wir diese Inhalte umgehend entfernen.<br \/>\n<br><\/p>\n<h3>Haftung f\u00fcr Links<\/h3>\n<p>Unser Angebot kann Links zu externen Webseiten Dritter enthalten, auf deren Inhalte wir keinen Einfluss haben. Deshalb k\u00f6nnen wir f\u00fcr diese fremden Inhalte auch keine Gew\u00e4hr \u00fcbernehmen. F\u00fcr die Inhalte der verlinkten Seiten ist stets der jeweilige Anbieter oder Betreiber der Seiten verantwortlich. Die verlinkten Seiten wurden zum Zeitpunkt der Verlinkung auf m\u00f6gliche Rechtsverst\u00f6\u00dfe \u00fcberpr\u00fcft. Rechtswidrige Inhalte waren zum Zeitpunkt der Verlinkung nicht erkennbar. Eine permanente inhaltliche Kontrolle der verlinkten Seiten ist jedoch ohne konkrete Anhaltspunkte einer Rechtsverletzung nicht zumutbar. Bei Bekanntwerden von Rechtsverletzungen werden wir derartige Links umgehend entfernen.<br \/>\n<br><\/p>\n<h3>Urheberrecht<\/h3>\n<p>Die durch die Seitenbetreiber erstellten Inhalte und Werke auf diesen Seiten unterliegen dem deutschen Urheberrecht. Die Vervielf\u00e4ltigung, Bearbeitung, Verbreitung und jede Art der Verwertung au\u00dferhalb der Grenzen des Urheberrechtes bed\u00fcrfen der schriftlichen Zustimmung des jeweiligen Autors bzw. Erstellers. Downloads und Kopien dieser Seite sind nur f\u00fcr den privaten, nicht kommerziellen Gebrauch gestattet. Soweit die Inhalte auf dieser Seite nicht vom Betreiber erstellt wurden, werden die Urheberrechte Dritter beachtet. Insbesondere werden Inhalte Dritter als solche gekennzeichnet. Sollten Sie trotzdem auf eine Urheberrechtsverletzung aufmerksam werden, bitten wir um einen entsprechenden Hinweis. Bei Bekanntwerden von Rechtsverletzungen werden wir derartige Inhalte umgehend entfernen.<br \/>\n<br><\/p>\n<h3>ZUG\u00c4NGLICHKEIT<\/h3>\n<p>Um den Anforderungen fast aller Besucher unserer Website gerecht zu werden, bem\u00fchen wir uns, diese Website zug\u00e4nglich zu machen. Der Gesetzgeber hat f\u00fcr Websites von \u00f6ffentlichen Einrichtungen und anderen Beh\u00f6rden gesetzliche Richtlinien erlassen, die die Zug\u00e4nglichkeit sicherstellen sollen. Wir fallen nicht unter diese Bedingungen, orientieren uns aber an diesen Richtlinien. Sollten Probleme bei der barrierefreien Nutzung dieser Website auftreten, bitten wir um eine kurze R\u00fcckmeldung.<br \/>\n<br><\/p>\n<h3>Datenschutzbestimmungen<\/h3>\n<p>Weitere Informationen zum Datenschutz auf der scalefree.com Website und zum Umgang mit Ihren pers\u00f6nlichen Daten finden Sie in unserem <a href=\"https:\/\/www.scalefree.com\/legal\/\" target=\"_blank\" rel=\"noopener\">Datenschutzbestimmungen<\/a>.<\/p>\n\t<\/div>\n<\/div>\n\n\n\n<div class=\"divider-wrap\" data-alignment=\"default\"><div style=\"height: 120px;\" class=\"divider\"><\/div><\/div>\n\t\t\t<\/div> \n\t\t<\/div>\n\t<\/div> \n<\/div><\/div>","protected":false},"excerpt":{"rendered":"IMPRINT Kontaktinformationen Scalefree International GmbH Sch\u00fctzenallee 3 30519 Hannover Deutschland Telefon: +49 (511) 879 89341 Fax: +49 (511) 879 89341 Email: contact@scalefree.com USt-ID: DE305881327 Steuernummer: 25\/205\/27085 Hauptsitz des Unternehmens: Hannover,...","protected":false},"author":2,"featured_media":0,"parent":0,"menu_order":0,"comment_status":"closed","ping_status":"closed","template":"","meta":{"footnotes":""},"class_list":["post-6439","page","type-page","status-publish"],"aioseo_notices":[],"_links":{"self":[{"href":"https:\/\/www.scalefree.com\/de\/wp-json\/wp\/v2\/pages\/6439","targetHints":{"allow":["GET"]}}],"collection":[{"href":"https:\/\/www.scalefree.com\/de\/wp-json\/wp\/v2\/pages"}],"about":[{"href":"https:\/\/www.scalefree.com\/de\/wp-json\/wp\/v2\/types\/page"}],"author":[{"embeddable":true,"href":"https:\/\/www.scalefree.com\/de\/wp-json\/wp\/v2\/users\/2"}],"replies":[{"embeddable":true,"href":"https:\/\/www.scalefree.com\/de\/wp-json\/wp\/v2\/comments?post=6439"}],"version-history":[{"count":0,"href":"https:\/\/www.scalefree.com\/de\/wp-json\/wp\/v2\/pages\/6439\/revisions"}],"wp:attachment":[{"href":"https:\/\/www.scalefree.com\/de\/wp-json\/wp\/v2\/media?parent=6439"}],"curies":[{"name":"wp","href":"https:\/\/api.w.org\/{rel}","templated":true}]}}